{"id":3029,"date":"2024-09-12T13:52:07","date_gmt":"2024-09-12T11:52:07","guid":{"rendered":"http:\/\/rtc-bezau.at\/?page_id=3029"},"modified":"2025-05-21T12:07:26","modified_gmt":"2025-05-21T10:07:26","slug":"platzreservierung","status":"publish","type":"page","link":"https:\/\/rtc-bezau.at\/?page_id=3029","title":{"rendered":"Platzreservierung"},"content":{"rendered":"\n<p>auf den Tennispl\u00e4tzen darf nur nach <strong>Bezahlung des Mitgliedsbeitrages<\/strong> und <strong>vorheriger Platzreservierung<\/strong> gespielt werden. Die Reservierung erfolgt \u00fcber die Plattform <strong>eTennis<\/strong>.<\/p>\n\n\n\n<p>Hier der Link zur Reservierung:<\/p>\n\n\n\n<p><a href=\"https:\/\/bezau.tennisplatz.info\/reservierung\">https:\/\/bezau.tennisplatz.info\/reservierung<\/a><\/p>\n\n\n\n<p>&#8211;&gt; Eine Reservierung ohne bezahlten Mitgliedsbeitrag ist auf <strong>eTennis<\/strong> nicht m\u00f6glich. Vom Kassier wird erst nach Geldeingang des MGB die <strong>Jahresmitgliedschaft<\/strong> beim eTennis-Account gebucht. Erst nach dieser Buchung ist die Reservierung freigeschaltet und m\u00f6glich! Ein &#8222;Gastspieler&#8220; kann keine Reservierung \u00fcber eTennis vornehmen.<\/p>\n\n\n\n<p>&#8211;> Ohne Reservierung darf nicht auf den Pl\u00e4tzen gespielt werden!<\/p>\n\n\n\n<p>&#8211;&gt; G\u00e4ste\/Touristen k\u00f6nnen \u00fcber das <strong>witus-B\u00fcro<\/strong> (Platz 39, 6870 Bezau) kostenpflichtig reservieren:<br>+43 5514 2295, <a href=\"mailto:info@witus.at\">info@witus.at<\/a><\/p>\n\n\n\n<p><\/p>\n","protected":false},"excerpt":{"rendered":"<p>auf den Tennispl\u00e4tzen darf nur nach Bezahlung des Mitgliedsbeitrages und vorheriger Platzreservierung gespielt werden. Die Reservierung erfolgt \u00fcber die Plattform eTennis. Hier der Link zur Reservierung: https:\/\/bezau.tennisplatz.info\/reservierung &#8211;&gt; Eine Reservierung ohne bezahlten Mitgliedsbeitrag ist auf eTennis nicht m\u00f6glich. Vom Kassier wird erst nach Geldeingang des MGB die Jahresmitgliedschaft beim eTennis-Account gebucht. Erst nach dieser Buchung&#8230;<\/p>\n","protected":false},"author":3,"featured_media":0,"parent":0,"menu_order":0,"comment_status":"closed","ping_status":"closed","template":"","meta":{"jetpack_post_was_ever_published":false,"footnotes":""},"class_list":["post-3029","page","type-page","status-publish","hentry"],"jetpack_shortlink":"https:\/\/wp.me\/P7z6iE-MR","jetpack_sharing_enabled":true,"_links":{"self":[{"href":"https:\/\/rtc-bezau.at\/index.php?rest_route=\/wp\/v2\/pages\/3029","targetHints":{"allow":["GET"]}}],"collection":[{"href":"https:\/\/rtc-bezau.at\/index.php?rest_route=\/wp\/v2\/pages"}],"about":[{"href":"https:\/\/rtc-bezau.at\/index.php?rest_route=\/wp\/v2\/types\/page"}],"author":[{"embeddable":true,"href":"https:\/\/rtc-bezau.at\/index.php?rest_route=\/wp\/v2\/users\/3"}],"replies":[{"embeddable":true,"href":"https:\/\/rtc-bezau.at\/index.php?rest_route=%2Fwp%2Fv2%2Fcomments&post=3029"}],"version-history":[{"count":14,"href":"https:\/\/rtc-bezau.at\/index.php?rest_route=\/wp\/v2\/pages\/3029\/revisions"}],"predecessor-version":[{"id":3197,"href":"https:\/\/rtc-bezau.at\/index.php?rest_route=\/wp\/v2\/pages\/3029\/revisions\/3197"}],"wp:attachment":[{"href":"https:\/\/rtc-bezau.at\/index.php?rest_route=%2Fwp%2Fv2%2Fmedia&parent=3029"}],"curies":[{"name":"wp","href":"https:\/\/api.w.org\/{rel}","templated":true}]}}