{"id":8,"date":"2014-04-24T12:11:41","date_gmt":"2014-04-24T12:11:41","guid":{"rendered":"http:\/\/n.rtc-bezau.at\/?page_id=8"},"modified":"2026-03-08T11:56:51","modified_gmt":"2026-03-08T10:56:51","slug":"saison2017","status":"publish","type":"page","link":"https:\/\/rtc-bezau.at\/?page_id=8","title":{"rendered":"Tarife\/Infos 2026"},"content":{"rendered":"<p><strong>Erfreulicherweise haben wir nun eine neue eigene Tennisanlage in Bezau.<\/strong><br \/><strong>F\u00fcr die Saison 2026 setzen wir die Mitgliedsbeitr\u00e4ge wie folgt fest:<\/strong><\/p>\n<ul>\n<li style=\"text-align: justify;\">Familie <span style=\"color: #000000;\"><strong>\u20ac<\/strong> <strong><span style=\"color: #000000;\">250,- <\/span><\/strong><span style=\"color: #808080;\">(Kinder bis max. 18 Jahre inkludiert)<\/span><\/span><\/li>\n<li>Erwachsene (Voll- und Neumitglieder) <span style=\"color: #000000;\"><strong>\u20ac <\/strong><strong><span style=\"color: #000000;\">150,-<\/span><br \/><\/strong><\/span><\/li>\n<li>Zweitmitgliedschaft <span style=\"color: #000000;\"><strong>\u20ac <\/strong><strong>120,- <\/strong><\/span>(Voraussetzung: aktuelles Vollmitglied in einem anderen Tennisverein)<strong><br \/><\/strong><\/li>\n<li>Kinder und Jugendliche bis 18 Jahre <span style=\"color: #000000;\"><strong>\u20ac 60,-<\/strong><strong><br \/><\/strong><\/span><\/li>\n<li>Passiv-Mitglieder <span style=\"color: #000000;\"><strong>\u20ac 25,-<\/strong><\/span><\/li>\n<\/ul>\n<p><strong><span style=\"font-size: small;\"><span style=\"color: #ff6600;\">Bankverbindung:<br \/><\/span><\/span><\/strong><span style=\"font-size: small;\">IBAN: <\/span><span style=\"font-size: small;\">AT62 3740 6000 0003 6442 <\/span><strong><span style=\"font-size: small;\"><br \/><\/span><\/strong><span style=\"font-size: small;\"><span style=\"font-size: small;\">BIC: RVVGAT2B406 &#8211; <\/span><\/span><span id=\"umsaetzeFilterBic\">Raiffeisebank Bezau-Mellau-Bizau<\/span><\/p>\n<p>Bei der \u00dcberweisung eines Familienmitgliedsbeitrages im Verwendungszweck bitte alle Familienmitglieder angeben.<\/p>\n<blockquote>\n<p><strong>Es d\u00fcrfen ausschlie\u00dflich RTC-Mitglieder (also bezahlter Mitgliedsbeitrag) nach vorhergehender Platzreservierung spielen. Die Reservierung erfolgt \u00fcber unser neue Plattform eTennis.<\/strong><\/p>\n<\/blockquote>\n\n\n<p><strong>Hier der Link f\u00fcr die Platzreservierung:<\/strong><\/p>\n\n\n\n<p><a href=\"https:\/\/bezau.tennisplatz.info\/reservierung\">https:\/\/bezau.tennisplatz.info\/reservierung<\/a><\/p>\n\n\n\n<p><strong>Ohne Reservierung darf nicht auf den Pl\u00e4tzen gespielt werden!<\/strong><\/p>\n\n\n\n<p><strong>Nach dem Spielen ist der Platz (gro\u00dfer Besen) und die Linien (kleiner Besen) abzuziehen und sauber zu hinterlassen.<\/strong><\/p>\n\n\n\n<p><strong>G\u00e4ste\/Touristen<\/strong> k\u00f6nnen \u00fcber das <strong>witus-B\u00fcro<\/strong> (Platz 39, 6870 Bezau) kostenpflichtig reservieren: +43 5514 2295, <a href=\"mailto:info@witus.at\">info@witus.at<\/a><\/p>\n\n\n\n<p class=\"has-luminous-vivid-orange-color has-text-color has-link-color has-medium-font-size wp-elements-9656c11f782bf05bc02954daab63ddda\"><strong>Leitfaden 2026:<\/strong><\/p>\n\n\n<div class=\"wp-block-image\">\n<figure class=\"aligncenter size-full\"><img loading=\"lazy\" decoding=\"async\" width=\"540\" height=\"894\" data-attachment-id=\"3272\" data-permalink=\"https:\/\/rtc-bezau.at\/?attachment_id=3272\" data-orig-file=\"https:\/\/rtc-bezau.at\/wp-content\/uploads\/2026\/03\/grafik-2.png\" data-orig-size=\"540,894\" data-comments-opened=\"0\" data-image-meta=\"{&quot;aperture&quot;:&quot;0&quot;,&quot;credit&quot;:&quot;&quot;,&quot;camera&quot;:&quot;&quot;,&quot;caption&quot;:&quot;&quot;,&quot;created_timestamp&quot;:&quot;0&quot;,&quot;copyright&quot;:&quot;&quot;,&quot;focal_length&quot;:&quot;0&quot;,&quot;iso&quot;:&quot;0&quot;,&quot;shutter_speed&quot;:&quot;0&quot;,&quot;title&quot;:&quot;&quot;,&quot;orientation&quot;:&quot;0&quot;}\" data-image-title=\"grafik\" data-image-description=\"\" data-image-caption=\"\" data-large-file=\"https:\/\/rtc-bezau.at\/wp-content\/uploads\/2026\/03\/grafik-2.png\" src=\"https:\/\/rtc-bezau.at\/wp-content\/uploads\/2026\/03\/grafik-2.png\" alt=\"\" class=\"wp-image-3272\" srcset=\"https:\/\/rtc-bezau.at\/wp-content\/uploads\/2026\/03\/grafik-2.png 540w, https:\/\/rtc-bezau.at\/wp-content\/uploads\/2026\/03\/grafik-2-181x300.png 181w\" sizes=\"auto, (max-width: 540px) 100vw, 540px\" \/><\/figure>\n<\/div>","protected":false},"excerpt":{"rendered":"<p>Erfreulicherweise haben wir nun eine neue eigene Tennisanlage in Bezau.F\u00fcr die Saison 2026 setzen wir die Mitgliedsbeitr\u00e4ge wie folgt fest: Familie \u20ac 250,- (Kinder bis max. 18 Jahre inkludiert) Erwachsene (Voll- und Neumitglieder) \u20ac 150,- Zweitmitgliedschaft \u20ac 120,- (Voraussetzung: aktuelles Vollmitglied in einem anderen Tennisverein) Kinder und Jugendliche bis 18 Jahre \u20ac 60,- Passiv-Mitglieder \u20ac&#8230;<\/p>\n","protected":false},"author":3,"featured_media":0,"parent":0,"menu_order":0,"comment_status":"closed","ping_status":"open","template":"","meta":{"jetpack_post_was_ever_published":false,"footnotes":""},"class_list":["post-8","page","type-page","status-publish","hentry"],"jetpack_shortlink":"https:\/\/wp.me\/P7z6iE-8","jetpack_sharing_enabled":true,"_links":{"self":[{"href":"https:\/\/rtc-bezau.at\/index.php?rest_route=\/wp\/v2\/pages\/8","targetHints":{"allow":["GET"]}}],"collection":[{"href":"https:\/\/rtc-bezau.at\/index.php?rest_route=\/wp\/v2\/pages"}],"about":[{"href":"https:\/\/rtc-bezau.at\/index.php?rest_route=\/wp\/v2\/types\/page"}],"author":[{"embeddable":true,"href":"https:\/\/rtc-bezau.at\/index.php?rest_route=\/wp\/v2\/users\/3"}],"replies":[{"embeddable":true,"href":"https:\/\/rtc-bezau.at\/index.php?rest_route=%2Fwp%2Fv2%2Fcomments&post=8"}],"version-history":[{"count":90,"href":"https:\/\/rtc-bezau.at\/index.php?rest_route=\/wp\/v2\/pages\/8\/revisions"}],"predecessor-version":[{"id":3273,"href":"https:\/\/rtc-bezau.at\/index.php?rest_route=\/wp\/v2\/pages\/8\/revisions\/3273"}],"wp:attachment":[{"href":"https:\/\/rtc-bezau.at\/index.php?rest_route=%2Fwp%2Fv2%2Fmedia&parent=8"}],"curies":[{"name":"wp","href":"https:\/\/api.w.org\/{rel}","templated":true}]}}